{"id":32614,"date":"2024-01-28T20:25:26","date_gmt":"2024-01-28T19:25:26","guid":{"rendered":"https:\/\/bernerjagd.dev\/accueil\/"},"modified":"2024-01-29T06:26:36","modified_gmt":"2024-01-29T05:26:36","slug":"accueil","status":"publish","type":"page","link":"https:\/\/bernerjagd.dev\/fr\/","title":{"rendered":"Accueil"},"content":{"rendered":"<p>[et_pb_section fb_built=&#8221;1&#8243; _builder_version=&#8221;4.24.0&#8243; _module_preset=&#8221;default&#8221; hover_enabled=&#8221;0&#8243; global_colors_info=&#8221;{}&#8221; title_text=&#8221;white and brown tree during daytime&#8221; background_image=&#8221;https:\/\/bernerjagd.dev\/wp-content\/uploads\/2024\/01\/white-brown-tree-during-daytime-scaled.jpg&#8221; min_height=&#8221;600px&#8221; sticky_enabled=&#8221;0&#8243;][et_pb_row _builder_version=&#8221;4.24.0&#8243; _module_preset=&#8221;default&#8221; hover_enabled=&#8221;0&#8243; global_colors_info=&#8221;{}&#8221; sticky_enabled=&#8221;0&#8243;][et_pb_column type=&#8221;4_4&#8243; _builder_version=&#8221;4.24.0&#8243; _module_preset=&#8221;default&#8221; global_colors_info=&#8221;{}&#8221;][\/et_pb_column][\/et_pb_row][\/et_pb_section][et_pb_section fb_built=&#8221;1&#8243; theme_builder_area=&#8221;post_content&#8221; _builder_version=&#8221;4.24.0&#8243; _module_preset=&#8221;default&#8221;][et_pb_row _builder_version=&#8221;4.24.0&#8243; _module_preset=&#8221;default&#8221; theme_builder_area=&#8221;post_content&#8221;][et_pb_column _builder_version=&#8221;4.24.0&#8243; _module_preset=&#8221;default&#8221; type=&#8221;4_4&#8243; theme_builder_area=&#8221;post_content&#8221;][et_pb_text _builder_version=&#8221;4.24.0&#8243; _module_preset=&#8221;default&#8221; global_colors_info=&#8221;{}&#8221; theme_builder_area=&#8221;post_content&#8221;]<\/p>\n<h1 style=\"text-align: center;\">F\u00e9d\u00e9ration des chasseurs bernois<\/h1>\n<p>[\/et_pb_text][et_pb_text _builder_version=&#8221;4.24.0&#8243; _module_preset=&#8221;default&#8221; global_colors_info=&#8221;{}&#8221; theme_builder_area=&#8221;post_content&#8221;]<\/p>\n<p><span>Bienvenue sur le site de la F\u00e9d\u00e9ration des chasseurs bernois (FCB), l&#8217;organisation fa\u00eeti\u00e8re des chasseurs bernois. Vous trouverez ici toutes les informations sur la chasse dans le canton de Berne ainsi que sur sa structure organisationnelle. Nous r\u00e9pondons \u00e9galement volontiers \u00e0 vos demandes personnelles par voie \u00e9lectronique. Vous trouverez les informations n\u00e9cessaires sur la page Contact.<\/span><\/p>\n<p><span>Nous souhaitons \u00e0 tous les chasseurs un \u0153il de lynx et une bonne chasse et esp\u00e9rons que les visiteurs de notre site y trouveront de quoi satisfaire leur curiosit\u00e9.<\/span><\/p>\n<p>[\/et_pb_text][\/et_pb_column][\/et_pb_row][\/et_pb_section]<\/p>\n","protected":false},"excerpt":{"rendered":"<p>F\u00e9d\u00e9ration des chasseurs bernoisBienvenue sur le site de la F\u00e9d\u00e9ration des chasseurs bernois (FCB), l&#8217;organisation fa\u00eeti\u00e8re des chasseurs bernois. Vous trouverez ici toutes les informations sur la chasse dans le canton de Berne ainsi que sur sa structure organisationnelle. Nous r\u00e9pondons \u00e9galement volontiers \u00e0 vos demandes personnelles par voie \u00e9lectronique. Vous trouverez les informations n\u00e9cessaires [&hellip;]<\/p>\n","protected":false},"author":1,"featured_media":0,"parent":0,"menu_order":0,"comment_status":"closed","ping_status":"closed","template":"","meta":{"_et_pb_use_builder":"on","_et_pb_old_content":"","_et_gb_content_width":"","footnotes":""},"class_list":["post-32614","page","type-page","status-publish","hentry"],"_links":{"self":[{"href":"https:\/\/bernerjagd.dev\/fr\/wp-json\/wp\/v2\/pages\/32614","targetHints":{"allow":["GET"]}}],"collection":[{"href":"https:\/\/bernerjagd.dev\/fr\/wp-json\/wp\/v2\/pages"}],"about":[{"href":"https:\/\/bernerjagd.dev\/fr\/wp-json\/wp\/v2\/types\/page"}],"author":[{"embeddable":true,"href":"https:\/\/bernerjagd.dev\/fr\/wp-json\/wp\/v2\/users\/1"}],"replies":[{"embeddable":true,"href":"https:\/\/bernerjagd.dev\/fr\/wp-json\/wp\/v2\/comments?post=32614"}],"version-history":[{"count":2,"href":"https:\/\/bernerjagd.dev\/fr\/wp-json\/wp\/v2\/pages\/32614\/revisions"}],"predecessor-version":[{"id":32616,"href":"https:\/\/bernerjagd.dev\/fr\/wp-json\/wp\/v2\/pages\/32614\/revisions\/32616"}],"wp:attachment":[{"href":"https:\/\/bernerjagd.dev\/fr\/wp-json\/wp\/v2\/media?parent=32614"}],"curies":[{"name":"wp","href":"https:\/\/api.w.org\/{rel}","templated":true}]}}