{"id":32623,"date":"2024-01-29T08:34:16","date_gmt":"2024-01-29T07:34:16","guid":{"rendered":"https:\/\/bernerjagd.dev\/accueil\/commissions-de-la-fcb\/"},"modified":"2024-01-29T08:36:48","modified_gmt":"2024-01-29T07:36:48","slug":"commissions-de-la-fcb","status":"publish","type":"page","link":"https:\/\/bernerjagd.dev\/fr\/accueil\/commissions-de-la-fcb\/","title":{"rendered":"Commissions de la FCB"},"content":{"rendered":"<p>[et_pb_section fb_built=&#8221;1&#8243; theme_builder_area=&#8221;post_content&#8221; _builder_version=&#8221;4.24.0&#8243; _module_preset=&#8221;default&#8221;][et_pb_row _builder_version=&#8221;4.24.0&#8243; _module_preset=&#8221;default&#8221; theme_builder_area=&#8221;post_content&#8221;][et_pb_column _builder_version=&#8221;4.24.0&#8243; _module_preset=&#8221;default&#8221; type=&#8221;4_4&#8243; theme_builder_area=&#8221;post_content&#8221;][et_pb_heading title=&#8221;Commissions de la F\u00e9d\u00e9ration des chasseurs bernois&#8221; _builder_version=&#8221;4.24.0&#8243; _module_preset=&#8221;default&#8221; theme_builder_area=&#8221;post_content&#8221; hover_enabled=&#8221;0&#8243; sticky_enabled=&#8221;0&#8243;][\/et_pb_heading][et_pb_text _builder_version=&#8221;4.24.0&#8243; _module_preset=&#8221;default&#8221; theme_builder_area=&#8221;post_content&#8221; hover_enabled=&#8221;0&#8243; sticky_enabled=&#8221;0&#8243;]<\/p>\n<p><span>Les travaux de la FCB sont r\u00e9partis en six commissions. Cette section vous donne des informations importantes sur leur composition et leurs activit\u00e9s.<\/span><\/p>\n<p>[\/et_pb_text][et_pb_accordion _builder_version=&#8221;4.24.0&#8243; _module_preset=&#8221;default&#8221; theme_builder_area=&#8221;post_content&#8221; hover_enabled=&#8221;0&#8243; sticky_enabled=&#8221;0&#8243;][et_pb_accordion_item title=&#8221;Commission de formation&#8221; _builder_version=&#8221;4.24.0&#8243; _module_preset=&#8221;default&#8221; open=&#8221;on&#8221; theme_builder_area=&#8221;post_content&#8221; hover_enabled=&#8221;0&#8243; sticky_enabled=&#8221;0&#8243;]<\/p>\n<p><span>Toute personne souhaitant obtenir un permis de chasse dans le canton de Berne doit \u00eatre en possession d&#8217;un permis de chasse valable (d\u00e9tails sous : <\/span><a href=\"https:\/\/www.weu.be.ch\/de\/start\/themen\/jagd-fischerei\/jagd-wildtiere\/jagen-kanton-bern\/jagdpatent-beziehen.html\" target=\"_blank\" rel=\"noopener\" title=\"S'enregistrer comme chasseur et obtenir un permis de chasse\">Chasse dans le canton de Berne<\/a><span>). Pour obtenir ce permis de chasse, il est possible de suivre une formation de chasseur\/chasseuse aupr\u00e8s de la F\u00e9d\u00e9ration des chasseurs bernois (BEJV).<\/span><\/p>\n<p>[\/et_pb_accordion_item][et_pb_accordion_item title=&#8221;Commission de gestion&#8221; _builder_version=&#8221;4.24.0&#8243; _module_preset=&#8221;default&#8221; open=&#8221;off&#8221; theme_builder_area=&#8221;post_content&#8221; hover_enabled=&#8221;0&#8243; sticky_enabled=&#8221;0&#8243;]<\/p>\n<p><span>La commission de conservation est responsable des activit\u00e9s de conservation de la f\u00e9d\u00e9ration. La commission de gestion a pour mission de fixer les priorit\u00e9s, de former les responsables de la gestion des clubs et de coordonner et d&#8217;assurer le financement des activit\u00e9s de gestion.<\/span><\/p>\n<p>[\/et_pb_accordion_item][et_pb_accordion_item title=&#8221;Commission des chiens de chasse&#8221; _builder_version=&#8221;4.24.0&#8243; _module_preset=&#8221;default&#8221; theme_builder_area=&#8221;post_content&#8221; hover_enabled=&#8221;0&#8243; sticky_enabled=&#8221;0&#8243;]<\/p>\n<p><span>La commission des chiens de chasse encourage le niveau de formation de tous les chiens de chasse autoris\u00e9s \u00e0 chasser dans le canton de Berne et organise les examens cyn\u00e9g\u00e9tiques correspondants. Elle est responsable de l&#8217;organisation de la recherche (NASU) dans le canton de Berne.<\/span><\/p>\n<p>[\/et_pb_accordion_item][et_pb_accordion_item title=&#8221;Trompes de chasse et culture&#8221; _builder_version=&#8221;4.24.0&#8243; _module_preset=&#8221;default&#8221; theme_builder_area=&#8221;post_content&#8221; hover_enabled=&#8221;0&#8243; sticky_enabled=&#8221;0&#8243;]<\/p>\n<p><span>Sous le nom d'&#8221;Association des groupes cantonaux bernois de joueurs de cor de chasse&#8221; (VkJ), il existe un regroupement des groupes de joueurs de cor de chasse du canton de Berne et des cantons voisins. L&#8217;association de cuivres est en \u00e9troite collaboration  <\/span><span>avec la F\u00e9d\u00e9ration des chasseurs bernois et est repr\u00e9sent\u00e9e par un si\u00e8ge au comit\u00e9 de la FCB.<\/span><\/p>\n<p>[\/et_pb_accordion_item][et_pb_accordion_item title=&#8221;Commission de tir&#8221; _builder_version=&#8221;4.24.0&#8243; _module_preset=&#8221;default&#8221; theme_builder_area=&#8221;post_content&#8221; hover_enabled=&#8221;0&#8243; sticky_enabled=&#8221;0&#8243;]<\/p>\n<p>La commission de tir est une commission permanente de la F\u00e9d\u00e9ration des chasseurs bernois (FCB) conform\u00e9ment \u00e0 la loi sur la chasse. Art. 16.7 des statuts de l&#8217;association. Elle s&#8217;engage en premier lieu pour le renforcement de la formation et du perfectionnement au tir ainsi que pour une chasse bernoise s\u00fbre et responsable.<\/p>\n<p>[\/et_pb_accordion_item][\/et_pb_accordion][\/et_pb_column][\/et_pb_row][\/et_pb_section]<\/p>\n","protected":false},"excerpt":{"rendered":"<p>Les travaux de la FCB sont r\u00e9partis en six commissions. Cette section vous donne des informations importantes sur leur composition et leurs activit\u00e9s.Toute personne souhaitant obtenir un permis de chasse dans le canton de Berne doit \u00eatre en possession d&#8217;un permis de chasse valable (d\u00e9tails sous : Chasse dans le canton de Berne). Pour obtenir [&hellip;]<\/p>\n","protected":false},"author":1,"featured_media":0,"parent":32614,"menu_order":0,"comment_status":"closed","ping_status":"closed","template":"","meta":{"_et_pb_use_builder":"on","_et_pb_old_content":"","_et_gb_content_width":"","footnotes":""},"class_list":["post-32623","page","type-page","status-publish","hentry"],"_links":{"self":[{"href":"https:\/\/bernerjagd.dev\/fr\/wp-json\/wp\/v2\/pages\/32623","targetHints":{"allow":["GET"]}}],"collection":[{"href":"https:\/\/bernerjagd.dev\/fr\/wp-json\/wp\/v2\/pages"}],"about":[{"href":"https:\/\/bernerjagd.dev\/fr\/wp-json\/wp\/v2\/types\/page"}],"author":[{"embeddable":true,"href":"https:\/\/bernerjagd.dev\/fr\/wp-json\/wp\/v2\/users\/1"}],"replies":[{"embeddable":true,"href":"https:\/\/bernerjagd.dev\/fr\/wp-json\/wp\/v2\/comments?post=32623"}],"version-history":[{"count":2,"href":"https:\/\/bernerjagd.dev\/fr\/wp-json\/wp\/v2\/pages\/32623\/revisions"}],"predecessor-version":[{"id":32625,"href":"https:\/\/bernerjagd.dev\/fr\/wp-json\/wp\/v2\/pages\/32623\/revisions\/32625"}],"up":[{"embeddable":true,"href":"https:\/\/bernerjagd.dev\/fr\/wp-json\/wp\/v2\/pages\/32614"}],"wp:attachment":[{"href":"https:\/\/bernerjagd.dev\/fr\/wp-json\/wp\/v2\/media?parent=32623"}],"curies":[{"name":"wp","href":"https:\/\/api.w.org\/{rel}","templated":true}]}}