{"id":32632,"date":"2024-01-29T08:43:06","date_gmt":"2024-01-29T07:43:06","guid":{"rendered":"https:\/\/bernerjagd.dev\/accueil\/association\/"},"modified":"2024-01-29T08:45:46","modified_gmt":"2024-01-29T07:45:46","slug":"association","status":"publish","type":"page","link":"https:\/\/bernerjagd.dev\/fr\/accueil\/association\/","title":{"rendered":"Association"},"content":{"rendered":"<p>[et_pb_section fb_built=&#8221;1&#8243; theme_builder_area=&#8221;post_content&#8221; _builder_version=&#8221;4.24.0&#8243; _module_preset=&#8221;default&#8221;][et_pb_row _builder_version=&#8221;4.24.0&#8243; _module_preset=&#8221;default&#8221; theme_builder_area=&#8221;post_content&#8221;][et_pb_column _builder_version=&#8221;4.24.0&#8243; _module_preset=&#8221;default&#8221; type=&#8221;4_4&#8243; theme_builder_area=&#8221;post_content&#8221;][et_pb_heading title=&#8221;Portrait de la F\u00e9d\u00e9ration des chasseurs bernois&#8221; _builder_version=&#8221;4.24.0&#8243; _module_preset=&#8221;default&#8221; theme_builder_area=&#8221;post_content&#8221; hover_enabled=&#8221;0&#8243; sticky_enabled=&#8221;0&#8243;][\/et_pb_heading][et_pb_text _builder_version=&#8221;4.24.0&#8243; _module_preset=&#8221;default&#8221; theme_builder_area=&#8221;post_content&#8221; hover_enabled=&#8221;0&#8243; sticky_enabled=&#8221;0&#8243;]<\/p>\n<div class=\"et_pb_section et_pb_section_1 et_section_regular\">\n<div class=\"et_pb_row et_pb_row_2\">\n<div class=\"et_pb_column et_pb_column_4_4 et_pb_column_2 et_pb_css_mix_blend_mode_passthrough et-last-child\">\n<div class=\"et_pb_module et_pb_text et_pb_text_2 et_pb_text_align_left et_pb_bg_layout_light\">\n<div class=\"et_pb_text_inner\">\n<p><strong>Nous soutenons et prenons toutes les mesures n\u00e9cessaires :<\/strong><\/p>\n<p>&nbsp;<\/p>\n<ul>\n<li>pour la pr\u00e9servation et la promotion de la chasse \u00e0 patente bernoise et d&#8217;un exercice de la chasse conforme aux besoins du gibier.<br \/>La F\u00e9d\u00e9ration des chasseurs bernois condamne toute forme de braconnage ;<\/li>\n<li>pour une chasse durable des populations de gibier selon des crit\u00e8res de biologie du gibier ;<\/li>\n<li>pour la gestion des esp\u00e8ces animales sauvages chassables, non chassables et menac\u00e9es, ainsi que pour la conservation et la restauration de leurs habitats ;<\/li>\n<li>pour la pr\u00e9servation et l&#8217;entretien des coutumes cyn\u00e9g\u00e9tiques ;<\/li>\n<li>pour la formation et le perfectionnement des jeunes chasseurs mais aussi des chasseuses et chasseurs, notamment dans les domaines du tir cyn\u00e9g\u00e9tique et des chiens de chasse ;<\/li>\n<li>pour un travail de relations publiques transparent et orient\u00e9 sur les faits concernant la chasse et les t\u00e2ches et obligations des chasseurs ;<\/li>\n<li>pour une bonne entente avec des organisations ou des institutions ayant des int\u00e9r\u00eats identiques ou similaires, en entretenant des contacts permanents avec elles<\/li>\n<\/ul>\n<\/div>\n<\/div>\n<\/div>\n<\/div>\n<\/div>\n<p>[\/et_pb_text][et_pb_text _builder_version=&#8221;4.24.0&#8243; _module_preset=&#8221;default&#8221; theme_builder_area=&#8221;post_content&#8221; hover_enabled=&#8221;0&#8243; sticky_enabled=&#8221;0&#8243;]<\/p>\n<p>&nbsp;<\/p>\n<div class=\"et_pb_row et_pb_row_4\">\n<div class=\"et_pb_column et_pb_column_4_4 et_pb_column_4 et_pb_css_mix_blend_mode_passthrough et-last-child\">\n<div class=\"et_pb_module et_pb_text et_pb_text_4 et_pb_text_align_left et_pb_bg_layout_light\">\n<div class=\"et_pb_text_inner\">\n<p><strong>Conform\u00e9ment \u00e0 ses statuts, la FCB s&#8217;assigne entre autres les t\u00e2ches suivantes :<\/p>\n<p><\/strong><\/p>\n<ul>\n<li>Elle s&#8217;engage pour le maintien de la chasse \u00e0 patente dans le canton de Berne et la promeut selon les principes de l&#8217;\u00e9conomie pastorale ;<\/li>\n<li>Elle s&#8217;engage, en collaboration avec les autorit\u00e9s cantonales, pour la conservation des populations de gibier ainsi que pour la cr\u00e9ation et l&#8217;entretien des districts francs et des r\u00e9serves n\u00e9cessaires ;<\/li>\n<li>Elle soutient la mise en place et l&#8217;exercice de la surveillance volontaire de la chasse conform\u00e9ment \u00e0 la loi cantonale ;<\/li>\n<li>Il assiste les autorit\u00e9s dans l&#8217;\u00e9laboration de la l\u00e9gislation sur la chasse ;<\/li>\n<li>Il aide les membres de ses sections \u00e0 fournir toutes les assurances n\u00e9cessaires.<\/li>\n<li>Elle entretient des relations de camaraderie entre les associations qui lui sont affili\u00e9es et leurs membres ;<\/li>\n<li>Il est responsable de la pr\u00e9paration et de l&#8217;organisation de l&#8217;examen d&#8217;aptitude pour les jeunes chasseurs et les jeunes chasseuses.<\/li>\n<\/ul>\n<\/div>\n<\/div>\n<\/div>\n<\/div>\n<p>[\/et_pb_text][\/et_pb_column][\/et_pb_row][\/et_pb_section]<\/p>\n","protected":false},"excerpt":{"rendered":"<p>Nous soutenons et prenons toutes les mesures n\u00e9cessaires : &nbsp; pour la pr\u00e9servation et la promotion de la chasse \u00e0 patente bernoise et d&#8217;un exercice de la chasse conforme aux besoins du gibier.La F\u00e9d\u00e9ration des chasseurs bernois condamne toute forme de braconnage ; pour une chasse durable des populations de gibier selon des crit\u00e8res de [&hellip;]<\/p>\n","protected":false},"author":1,"featured_media":0,"parent":32614,"menu_order":0,"comment_status":"closed","ping_status":"closed","template":"","meta":{"_et_pb_use_builder":"on","_et_pb_old_content":"","_et_gb_content_width":"","footnotes":""},"class_list":["post-32632","page","type-page","status-publish","hentry"],"_links":{"self":[{"href":"https:\/\/bernerjagd.dev\/fr\/wp-json\/wp\/v2\/pages\/32632","targetHints":{"allow":["GET"]}}],"collection":[{"href":"https:\/\/bernerjagd.dev\/fr\/wp-json\/wp\/v2\/pages"}],"about":[{"href":"https:\/\/bernerjagd.dev\/fr\/wp-json\/wp\/v2\/types\/page"}],"author":[{"embeddable":true,"href":"https:\/\/bernerjagd.dev\/fr\/wp-json\/wp\/v2\/users\/1"}],"replies":[{"embeddable":true,"href":"https:\/\/bernerjagd.dev\/fr\/wp-json\/wp\/v2\/comments?post=32632"}],"version-history":[{"count":2,"href":"https:\/\/bernerjagd.dev\/fr\/wp-json\/wp\/v2\/pages\/32632\/revisions"}],"predecessor-version":[{"id":32634,"href":"https:\/\/bernerjagd.dev\/fr\/wp-json\/wp\/v2\/pages\/32632\/revisions\/32634"}],"up":[{"embeddable":true,"href":"https:\/\/bernerjagd.dev\/fr\/wp-json\/wp\/v2\/pages\/32614"}],"wp:attachment":[{"href":"https:\/\/bernerjagd.dev\/fr\/wp-json\/wp\/v2\/media?parent=32632"}],"curies":[{"name":"wp","href":"https:\/\/api.w.org\/{rel}","templated":true}]}}